{"id":3372,"date":"2023-07-31T10:45:18","date_gmt":"2023-07-31T08:45:18","guid":{"rendered":"https:\/\/www.gj-glassart.com\/?post_type=product&#038;p=3372"},"modified":"2024-03-11T14:02:29","modified_gmt":"2024-03-11T13:02:29","slug":"jaguar-glasbild","status":"publish","type":"product","link":"https:\/\/www.gj-glassart.com\/en\/product\/jaguar-glasbild\/","title":{"rendered":"jaguar"},"content":{"rendered":"<p>In this mesmerizing depiction, the untamed ferocity of a majestic jaguar merges with the fragile beauty of cracked glass. The distinctive cracks run through the image like traces of past adventures that the jaguar experienced in the impenetrable depths of the jungle. Each crack tells a story of attack and defense, of courageous leaps and the constant search for food.<br \/>\n<br class=\"clear\" \/><br class=\"clear\" \/>This artwork embodies not only the physical strength of the jaguar, but also its symbolism as a powerful totem animal. The cracks in the glass are a reminder of the vulnerability of nature and the delicate balance that exists in the animal world. Nevertheless, the image exudes an aura of dominance and superiority that embodies the spirit of the jaguar.<br \/>\n<br class=\"clear\" \/><br class=\"clear\" \/>Placed in a room, this image captures the viewer and takes them into the wild world of nature. It gives the ambience a unique atmosphere of adventure and exoticism. At the same time, it reminds us of the importance of preserving and protecting the majestic beauty of wildlife, so that the untamed ferocity of the jaguar lives on not only in cracks in glass but also in the forests.<\/p>","protected":false},"excerpt":{"rendered":"<p>Experience the raw, untamed energy of the jaguar.<\/p>","protected":false},"featured_media":3998,"template":"","meta":[],"product_brand":[],"product_cat":[62],"product_tag":[],"class_list":{"0":"post-3372","1":"product","2":"type-product","3":"status-publish","4":"has-post-thumbnail","6":"product_cat-wild_life","8":"first","9":"instock","10":"taxable","11":"shipping-taxable","12":"purchasable","13":"product-type-variable","14":"has-default-attributes"},"yoast_head":"<!-- This site is optimized with the Yoast SEO plugin v27.0 - https:\/\/yoast.com\/product\/yoast-seo-wordpress\/ -->\n<title>Jaguar - Grundke&amp;J\u00e4ger Glassart<\/title>\n<meta name=\"description\" content=\"Der unb\u00e4ndige Wille des Jaguars in Glasrissen. Dieses Glasbild zeigt den Kopf eines Jaguars. Tausende Hammerschl\u00e4ge erzeugten dieses einzigartige Unikat.\" \/>\n<meta name=\"robots\" content=\"index, follow, max-snippet:-1, max-image-preview:large, max-video-preview:-1\" \/>\n<link rel=\"canonical\" href=\"https:\/\/www.gj-glassart.com\/en\/product\/jaguar-glasbild\/\" \/>\n<meta property=\"og:locale\" content=\"en_US\" \/>\n<meta property=\"og:type\" content=\"article\" \/>\n<meta property=\"og:title\" content=\"Jaguar - Grundke&amp;J\u00e4ger Glassart\" \/>\n<meta property=\"og:description\" content=\"Der unb\u00e4ndige Wille des Jaguars in Glasrissen. Dieses Glasbild zeigt den Kopf eines Jaguars. Tausende Hammerschl\u00e4ge erzeugten dieses einzigartige Unikat.\" \/>\n<meta property=\"og:url\" content=\"https:\/\/www.gj-glassart.com\/en\/product\/jaguar-glasbild\/\" \/>\n<meta property=\"og:site_name\" content=\"Grundke&amp;J\u00e4ger Glassart\" \/>\n<meta property=\"article:modified_time\" content=\"2024-03-11T13:02:29+00:00\" \/>\n<meta property=\"og:image\" content=\"https:\/\/www.gj-glassart.com\/wp-content\/uploads\/2023\/07\/jaguar_mit_kante-1.png\" \/>\n\t<meta property=\"og:image:width\" content=\"1168\" \/>\n\t<meta property=\"og:image:height\" content=\"1167\" \/>\n\t<meta property=\"og:image:type\" content=\"image\/png\" \/>\n<meta name=\"twitter:card\" content=\"summary_large_image\" \/>\n<meta name=\"twitter:label1\" content=\"Est. reading time\" \/>\n\t<meta name=\"twitter:data1\" content=\"2 minutes\" \/>\n<script type=\"application\/ld+json\" class=\"yoast-schema-graph\">{\"@context\":\"https:\/\/schema.org\",\"@graph\":[{\"@type\":\"WebPage\",\"@id\":\"https:\/\/www.gj-glassart.com\/produkt\/jaguar-glasbild\/\",\"url\":\"https:\/\/www.gj-glassart.com\/produkt\/jaguar-glasbild\/\",\"name\":\"Jaguar - Grundke&amp;J\u00e4ger Glassart\",\"isPartOf\":{\"@id\":\"https:\/\/www.gj-glassart.com\/#website\"},\"primaryImageOfPage\":{\"@id\":\"https:\/\/www.gj-glassart.com\/produkt\/jaguar-glasbild\/#primaryimage\"},\"image\":{\"@id\":\"https:\/\/www.gj-glassart.com\/produkt\/jaguar-glasbild\/#primaryimage\"},\"thumbnailUrl\":\"https:\/\/www.gj-glassart.com\/wp-content\/uploads\/2023\/07\/jaguar_mit_kante-1.png\",\"datePublished\":\"2023-07-31T08:45:18+00:00\",\"dateModified\":\"2024-03-11T13:02:29+00:00\",\"description\":\"Der unb\u00e4ndige Wille des Jaguars in Glasrissen. Dieses Glasbild zeigt den Kopf eines Jaguars. Tausende Hammerschl\u00e4ge erzeugten dieses einzigartige Unikat.\",\"breadcrumb\":{\"@id\":\"https:\/\/www.gj-glassart.com\/produkt\/jaguar-glasbild\/#breadcrumb\"},\"inLanguage\":\"en-US\",\"potentialAction\":[{\"@type\":\"ReadAction\",\"target\":[\"https:\/\/www.gj-glassart.com\/produkt\/jaguar-glasbild\/\"]}]},{\"@type\":\"ImageObject\",\"inLanguage\":\"en-US\",\"@id\":\"https:\/\/www.gj-glassart.com\/produkt\/jaguar-glasbild\/#primaryimage\",\"url\":\"https:\/\/www.gj-glassart.com\/wp-content\/uploads\/2023\/07\/jaguar_mit_kante-1.png\",\"contentUrl\":\"https:\/\/www.gj-glassart.com\/wp-content\/uploads\/2023\/07\/jaguar_mit_kante-1.png\",\"width\":1168,\"height\":1167,\"caption\":\"Jaguar mit kante\"},{\"@type\":\"BreadcrumbList\",\"@id\":\"https:\/\/www.gj-glassart.com\/produkt\/jaguar-glasbild\/#breadcrumb\",\"itemListElement\":[{\"@type\":\"ListItem\",\"position\":1,\"name\":\"Startseite\",\"item\":\"https:\/\/www.gj-glassart.com\/\"},{\"@type\":\"ListItem\",\"position\":2,\"name\":\"Shop\",\"item\":\"https:\/\/www.gj-glassart.com\/shop\/\"},{\"@type\":\"ListItem\",\"position\":3,\"name\":\"Jaguar\"}]},{\"@type\":\"WebSite\",\"@id\":\"https:\/\/www.gj-glassart.com\/#website\",\"url\":\"https:\/\/www.gj-glassart.com\/\",\"name\":\"Grundke&J\u00e4ger Glassart\",\"description\":\"Individuelle Kunst aus Glasrissen - Auftragsfertigung und limitierte Kollektionen aus Glas\",\"publisher\":{\"@id\":\"https:\/\/www.gj-glassart.com\/#organization\"},\"potentialAction\":[{\"@type\":\"SearchAction\",\"target\":{\"@type\":\"EntryPoint\",\"urlTemplate\":\"https:\/\/www.gj-glassart.com\/?s={search_term_string}\"},\"query-input\":{\"@type\":\"PropertyValueSpecification\",\"valueRequired\":true,\"valueName\":\"search_term_string\"}}],\"inLanguage\":\"en-US\"},{\"@type\":\"Organization\",\"@id\":\"https:\/\/www.gj-glassart.com\/#organization\",\"name\":\"Grundke&J\u00e4ger Glassart\",\"url\":\"https:\/\/www.gj-glassart.com\/\",\"logo\":{\"@type\":\"ImageObject\",\"inLanguage\":\"en-US\",\"@id\":\"https:\/\/www.gj-glassart.com\/#\/schema\/logo\/image\/\",\"url\":\"https:\/\/www.gj-glassart.com\/wp-content\/uploads\/2023\/02\/G_GrundkeJaeger1-05.png\",\"contentUrl\":\"https:\/\/www.gj-glassart.com\/wp-content\/uploads\/2023\/02\/G_GrundkeJaeger1-05.png\",\"width\":2833,\"height\":833,\"caption\":\"Grundke&J\u00e4ger Glassart\"},\"image\":{\"@id\":\"https:\/\/www.gj-glassart.com\/#\/schema\/logo\/image\/\"},\"sameAs\":[\"https:\/\/www.instagram.com\/gj_glassart\/\",\"https:\/\/www.pinterest.de\/gjglassart\/\"]}]}<\/script>\n<!-- \/ Yoast SEO plugin. -->","yoast_head_json":{"title":"Jaguar - Grundke&amp;J\u00e4ger Glassart","description":"Der unb\u00e4ndige Wille des Jaguars in Glasrissen. Dieses Glasbild zeigt den Kopf eines Jaguars. Tausende Hammerschl\u00e4ge erzeugten dieses einzigartige Unikat.","robots":{"index":"index","follow":"follow","max-snippet":"max-snippet:-1","max-image-preview":"max-image-preview:large","max-video-preview":"max-video-preview:-1"},"canonical":"https:\/\/www.gj-glassart.com\/en\/product\/jaguar-glasbild\/","og_locale":"en_US","og_type":"article","og_title":"Jaguar - Grundke&amp;J\u00e4ger Glassart","og_description":"Der unb\u00e4ndige Wille des Jaguars in Glasrissen. Dieses Glasbild zeigt den Kopf eines Jaguars. Tausende Hammerschl\u00e4ge erzeugten dieses einzigartige Unikat.","og_url":"https:\/\/www.gj-glassart.com\/en\/product\/jaguar-glasbild\/","og_site_name":"Grundke&amp;J\u00e4ger Glassart","article_modified_time":"2024-03-11T13:02:29+00:00","og_image":[{"width":1168,"height":1167,"url":"https:\/\/www.gj-glassart.com\/wp-content\/uploads\/2023\/07\/jaguar_mit_kante-1.png","type":"image\/png"}],"twitter_card":"summary_large_image","twitter_misc":{"Est. reading time":"2 minutes"},"schema":{"@context":"https:\/\/schema.org","@graph":[{"@type":"WebPage","@id":"https:\/\/www.gj-glassart.com\/produkt\/jaguar-glasbild\/","url":"https:\/\/www.gj-glassart.com\/produkt\/jaguar-glasbild\/","name":"Jaguar - Grundke&amp;J\u00e4ger Glassart","isPartOf":{"@id":"https:\/\/www.gj-glassart.com\/#website"},"primaryImageOfPage":{"@id":"https:\/\/www.gj-glassart.com\/produkt\/jaguar-glasbild\/#primaryimage"},"image":{"@id":"https:\/\/www.gj-glassart.com\/produkt\/jaguar-glasbild\/#primaryimage"},"thumbnailUrl":"https:\/\/www.gj-glassart.com\/wp-content\/uploads\/2023\/07\/jaguar_mit_kante-1.png","datePublished":"2023-07-31T08:45:18+00:00","dateModified":"2024-03-11T13:02:29+00:00","description":"Der unb\u00e4ndige Wille des Jaguars in Glasrissen. Dieses Glasbild zeigt den Kopf eines Jaguars. Tausende Hammerschl\u00e4ge erzeugten dieses einzigartige Unikat.","breadcrumb":{"@id":"https:\/\/www.gj-glassart.com\/produkt\/jaguar-glasbild\/#breadcrumb"},"inLanguage":"en-US","potentialAction":[{"@type":"ReadAction","target":["https:\/\/www.gj-glassart.com\/produkt\/jaguar-glasbild\/"]}]},{"@type":"ImageObject","inLanguage":"en-US","@id":"https:\/\/www.gj-glassart.com\/produkt\/jaguar-glasbild\/#primaryimage","url":"https:\/\/www.gj-glassart.com\/wp-content\/uploads\/2023\/07\/jaguar_mit_kante-1.png","contentUrl":"https:\/\/www.gj-glassart.com\/wp-content\/uploads\/2023\/07\/jaguar_mit_kante-1.png","width":1168,"height":1167,"caption":"Jaguar mit kante"},{"@type":"BreadcrumbList","@id":"https:\/\/www.gj-glassart.com\/produkt\/jaguar-glasbild\/#breadcrumb","itemListElement":[{"@type":"ListItem","position":1,"name":"Startseite","item":"https:\/\/www.gj-glassart.com\/"},{"@type":"ListItem","position":2,"name":"Shop","item":"https:\/\/www.gj-glassart.com\/shop\/"},{"@type":"ListItem","position":3,"name":"Jaguar"}]},{"@type":"WebSite","@id":"https:\/\/www.gj-glassart.com\/#website","url":"https:\/\/www.gj-glassart.com\/","name":"Grundke&J\u00e4ger Glassart","description":"Custom art made from glass cracks - made-to-order and limited collections made from glass","publisher":{"@id":"https:\/\/www.gj-glassart.com\/#organization"},"potentialAction":[{"@type":"SearchAction","target":{"@type":"EntryPoint","urlTemplate":"https:\/\/www.gj-glassart.com\/?s={search_term_string}"},"query-input":{"@type":"PropertyValueSpecification","valueRequired":true,"valueName":"search_term_string"}}],"inLanguage":"en-US"},{"@type":"Organization","@id":"https:\/\/www.gj-glassart.com\/#organization","name":"Grundke&J\u00e4ger Glassart","url":"https:\/\/www.gj-glassart.com\/","logo":{"@type":"ImageObject","inLanguage":"en-US","@id":"https:\/\/www.gj-glassart.com\/#\/schema\/logo\/image\/","url":"https:\/\/www.gj-glassart.com\/wp-content\/uploads\/2023\/02\/G_GrundkeJaeger1-05.png","contentUrl":"https:\/\/www.gj-glassart.com\/wp-content\/uploads\/2023\/02\/G_GrundkeJaeger1-05.png","width":2833,"height":833,"caption":"Grundke&J\u00e4ger Glassart"},"image":{"@id":"https:\/\/www.gj-glassart.com\/#\/schema\/logo\/image\/"},"sameAs":["https:\/\/www.instagram.com\/gj_glassart\/","https:\/\/www.pinterest.de\/gjglassart\/"]}]}},"_links":{"self":[{"href":"https:\/\/www.gj-glassart.com\/en\/wp-json\/wp\/v2\/product\/3372","targetHints":{"allow":["GET"]}}],"collection":[{"href":"https:\/\/www.gj-glassart.com\/en\/wp-json\/wp\/v2\/product"}],"about":[{"href":"https:\/\/www.gj-glassart.com\/en\/wp-json\/wp\/v2\/types\/product"}],"version-history":[{"count":13,"href":"https:\/\/www.gj-glassart.com\/en\/wp-json\/wp\/v2\/product\/3372\/revisions"}],"predecessor-version":[{"id":4501,"href":"https:\/\/www.gj-glassart.com\/en\/wp-json\/wp\/v2\/product\/3372\/revisions\/4501"}],"wp:featuredmedia":[{"embeddable":true,"href":"https:\/\/www.gj-glassart.com\/en\/wp-json\/wp\/v2\/media\/3998"}],"wp:attachment":[{"href":"https:\/\/www.gj-glassart.com\/en\/wp-json\/wp\/v2\/media?parent=3372"}],"wp:term":[{"taxonomy":"product_brand","embeddable":true,"href":"https:\/\/www.gj-glassart.com\/en\/wp-json\/wp\/v2\/product_brand?post=3372"},{"taxonomy":"product_cat","embeddable":true,"href":"https:\/\/www.gj-glassart.com\/en\/wp-json\/wp\/v2\/product_cat?post=3372"},{"taxonomy":"product_tag","embeddable":true,"href":"https:\/\/www.gj-glassart.com\/en\/wp-json\/wp\/v2\/product_tag?post=3372"}],"curies":[{"name":"wp","href":"https:\/\/api.w.org\/{rel}","templated":true}]}}